{"id":29,"date":"2025-03-19T16:06:29","date_gmt":"2025-03-19T16:06:29","guid":{"rendered":"https:\/\/barr-ochsner.com\/?page_id=29"},"modified":"2025-03-19T22:58:49","modified_gmt":"2025-03-19T22:58:49","slug":"datenschutz","status":"publish","type":"page","link":"https:\/\/barr-ochsner.com\/index.php\/datenschutz\/","title":{"rendered":"Datenschutz"},"content":{"rendered":"\t\t<div data-elementor-type=\"wp-page\" data-elementor-id=\"29\" class=\"elementor elementor-29\" data-elementor-post-type=\"page\">\n\t\t\t\t<div class=\"elementor-element elementor-element-2398de7 e-flex e-con-boxed e-con e-parent\" data-id=\"2398de7\" data-element_type=\"container\">\n\t\t\t\t\t<div class=\"e-con-inner\">\n\t\t\t\t<div class=\"elementor-element elementor-element-29ca2db elementor-widget elementor-widget-text-editor\" data-id=\"29ca2db\" data-element_type=\"widget\" data-widget_type=\"text-editor.default\">\n\t\t\t\t<div class=\"elementor-widget-container\">\n\t\t\t\t\t\t\t\t\t<p><strong>GELTUNGSBEREICH DATENSCHUTZERKL\u00c4RUNG<\/strong><\/p><p><strong>1. Was tun wir?<\/strong><\/p><p>Barr &amp; Ochsner GmbH (Freiestrasse 111, 8024 Z\u00fcrich) betreibt die Website www.barr-ochsner.com (nachfolgend \u201ewir\u201c genannt). Auf dieser Website k\u00f6nnen Sie sich \u00fcber unsere Organisation informieren, unsere Online-Dienste nutzen und mit uns in Kontakt treten. Der Schutz Ihrer pers\u00f6nlichen Daten ist uns besonders wichtig. In dieser Datenschutzerkl\u00e4rung informieren wir Sie klar und transparent dar\u00fcber, welche Daten wir \u00fcber unsere Website erheben und wie wir diese verarbeiten.<\/p><p><strong>2. Verantwortliche Stelle<\/strong><\/p><p>F\u00fcr die Bearbeitung Ihrer Personendaten verantwortlich ist:<\/p><p>Barr &amp; Ochsner GmbH<br \/>Freistra\u00dfe 111<br \/>Postfach<br \/>8024 Z\u00fcrich<\/p><p><strong>3. Zwecke der Datenbearbeitung<\/strong><\/p><p>Wir erheben und verarbeiten Ihre personenbezogenen Daten zu folgenden Zwecken:<\/p><p>Zur Bereitstellung und Verbesserung unserer Website: Wir nutzen die gesammelten Daten, um den technischen Betrieb der Website sicherzustellen, Nutzerstatistiken zu erstellen und die Benutzerfreundlichkeit zu verbessern.<br \/>Zur Bearbeitung von Kontaktanfragen und zur Kommunikation: Wir verarbeiten Ihre Kontaktdaten, um Ihre Anfragen \u00fcber unser Kontaktformular oder per E-Mail zu beantworten.<br \/>F\u00fcr Werbezwecke und Marketing: Wir verwenden Daten, um massgeschneiderte Werbung zu schalten, einschliesslich \u00fcber Google Ads, Microsoft Ads und Social Media Ads.Zur Analyse des Nutzerverhaltens: Mithilfe von Google Analytics analysieren wir, wie Nutzer mit unserer Website interagieren, um sie stetig zu optimieren.<\/p><p><strong>4. Erhebung und Verarbeitung personenbezogener Daten<\/strong><\/p><p>Wir erheben und verarbeiten personenbezogene Daten nur im erforderlichen Umfang und zu den oben genannten Zwecken:<\/p><p><strong>A. Besuch der Website<\/strong><\/p><p>Beim Aufruf unserer Website werden automatisch Informationen von Ihrem Browser an den Server unserer Website gesendet. Diese Informationen beinhalten:<\/p><p>IP-Adresse des anfragenden Ger\u00e4ts<br \/>Datum und Uhrzeit des Zugriffs<br \/>Name und URL der abgerufenen Datei<br \/>Website, von der aus dem Zugriff erfolgt (Referrer-URL)<br \/>Verwendeter Browser und ggf. das Betriebssystem Ihres Ger\u00e4ts<br \/>Diese Daten sind technisch notwendig, um die Funktionsf\u00e4higkeit der Website zu gew\u00e4hrleisten. Rechtsgrundlage f\u00fcr diese Datenverarbeitung ist Art. 6 Abs. 1 lit. f DSGVO sowie Art. 13 DSG.<\/p><p><strong>B. Kontaktaufnahme \u00fcber das Kontaktformular oder per E-Mail<\/strong><\/p><p>Wenn Sie uns \u00fcber das Kontaktformular oder per E-Mail kontaktieren, speichern und verarbeiten wir die von Ihnen angegebenen Daten (z.B. Name, E-Mail-Adresse, Telefonnummer) ausschlie\u00dflich zur Bearbeitung Ihrer Anfrage. Die Rechtsgrundlage hierf\u00fcr ist Ihre Einwilligung gem\u00e4\u00df Art. 6 Abs. 1 lit. a DSGVO bzw. Kunst. 13 Abs. 1 DSG.<\/p><p><strong>C. Nutzung von Online-Diensten<\/strong><\/p><p>Sofern Sie unsere Online-Dienste in Anspruch nehmen, werden nur die notwendigen personenbezogenen Daten erfasst, um den Dienst bereitzustellen. Diese Daten werden gem\u00e4\u00df Art. 6 Abs. 1 lit. b DSGVO bzw. Kunst. 13 DSG verarbeitet.<\/p><p><strong>5. Cookies und \u00e4hnliche Technologien<\/strong><\/p><p>Unsere Website verwendet Cookies, um die Benutzerfreundlichkeit zu verbessern und bestimmte Funktionen bereitzustellen. Cookies sind kleine Textdateien, die auf Ihrem Endger\u00e4t gespeichert werden.<\/p><p><strong>Cookie-Einwilligung<\/strong><\/p><p>Beim Besuch unserer Website haben Sie die M\u00f6glichkeit, \u00fcber ein Auswahlfenster zu entscheiden, ob Sie der Nutzung von Cookies zustimmen oder diese ablehnen m\u00f6chten. Wir bieten Ihnen die folgenden Optionen:<\/p><p>Alle akzeptieren: Alle Cookies werden verwendet, um die Nutzung der<br \/>Website zu verbessern.<br \/>Alle ablehnen: Es werden nur technisch notwendige Cookies gesetzt.<br \/>Weitere Informationen: \u00dcber diesen Link erhalten Sie detaillierte Informationen zu den verwendeten Cookies und k\u00f6nnen Ihre Cookie-Einstellungen anpassen.<br \/>Die Verarbeitung der Cookies erfolgt auf Grundlage Ihrer Einwilligung gem\u00e4\u00df Art. 6 Abs. 1 lit. a DSGVO. Sie k\u00f6nnen Ihre Einwilligung jederzeit widerrufen oder die Cookie-Einstellungen in Ihrem Browser anpassen.<\/p><p><strong>6. Verwendung von Google Analytics<\/strong><\/p><p>Unsere Website verwendet Google Analytics, einen Webanalysedienst der Google LLC (\u201eGoogle\u201c). Google Analytics verwendet Cookies, um Ihre Nutzung der Website zu analysieren. Die durch die Cookies erzeugten Informationen \u00fcber Ihre Nutzung dieser Website (einschliesslich Ihrer IP-Adresse) werden an einen Server von Google in den USA \u00fcbertragen und dort gespeichert.<\/p><p>Wir verwenden Google Analytics, um die Nutzung unserer Website zu analysieren und regelm\u00e4\u00dfig zu verbessern. Die Verarbeitung der Daten erfolgt auf Grundlage Ihrer Einwilligung gem\u00e4\u00df Art. 6 Abs. 1 lit. a DSGVO. Sie k\u00f6nnen die Speicherung der Cookies durch eine entsprechende Einstellung Ihrer Browser-Software verhindern. Alternativ k\u00f6nnen Sie die Erfassung Ihrer Daten durch Google Analytics durch die Installation eines Browser-Add-ons verhindern.<\/p><p><strong>7. Verwendung von Google Ads, Microsoft Ads und Social Media Ads<\/strong><\/p><p>Unsere Website verwendet Google Ads, Microsoft Ads und Social Media Ads (z.B. Facebook), um gezielte Werbeanzeigen zu schalten. Dabei setzen wir das sogenannte Conversion-Tracking ein. Wenn Sie auf eine von uns geschaltete Anzeige klicken, wird ein Cookie f\u00fcr das Conversion-Tracking auf Ihrem Endger\u00e4t gespeichert. Diese Cookies erm\u00f6glichen es uns, Statistiken zu erstellen, die Auskunft dar\u00fcber geben, wie viele Nutzer auf unsere Anzeigen klicken und welche Aktionen sie im Anschluss durchf\u00fchren.<\/p><p>Die Datenverarbeitung erfolgt auf Grundlage Ihrer Einwilligung gem\u00e4\u00df Art. 6 Abs. 1 lit. a DSGVO. 6 Abs. 1 lit. a DSGVO. Sie k\u00f6nnen die Speicherung von Cookies in den Einstellungen Ihres Browsers verhindern oder die Cookies nachtr\u00e4glich l\u00f6schen.<\/p><p><strong>8. Links zu sozialen Medien<\/strong><\/p><p>Unsere Website enth\u00e4lt Links zu externen sozialen Netzwerken wie Facebook. Wenn Sie einem Link zu einem sozialen Netzwerk folgen, wird eine Verbindung zu den Servern des jeweiligen Netzwerks hergestellt. Dabei k\u00f6nnen Daten an diese Plattformen \u00fcbertragen werden. F\u00fcr den Umgang mit Ihren Daten durch diese Plattformen gelten die jeweiligen Datenschutzbestimmungen des sozialen Netzwerks.<\/p><p>Wir weisen darauf hin, dass wir keinen Einfluss darauf haben, wie die sozialen Netzwerke Ihre Daten verarbeiten. Bitte informieren Sie sich direkt bei den jeweiligen Netzwerken \u00fcber den Umgang mit Ihren personenbezogenen Daten.<\/p><p><strong>9. Verarbeitung von Bewerberdaten<\/strong><\/p><p>Wenn Sie uns Ihre Bewerbung f\u00fcr eine Arbeitsstelle zukommen lassen, verarbeiten wir die von Ihnen \u00fcbermittelten personenbezogenen Daten (wie z.B. Name, Kontaktdaten, Lebenslauf, Anschreiben) zum Zweck der Abwicklung des Bewerbungsverfahrens.<\/p><p>Die Verarbeitung der Bewerberdaten erfolgt auf Grundlage des Art. 6 Abs. 1 lit. b DSGVO (zur Durchf\u00fchrung vorvertraglicher Ma\u00dfnahmen) sowie Art. 6 Abs. 1 lit. f DSGVO, wenn wir ein berechtigtes Interesse an der Verarbeitung Ihrer Daten haben (z.B. zur Verteidigung gegen Rechtsanspr\u00fcche).<\/p><p>Im Falle einer erfolgreichen Bewerbung werden Ihre Daten in unser Personalverwaltungssystem \u00fcberf\u00fchrt. Sollte Ihre Bewerbung nicht erfolgreich sein, l\u00f6schen wir Ihre personenbezogenen Daten sechs Monate nach Abschluss des Bewerbungsverfahrens, es sei denn, Sie haben eine l\u00e4ngere Speicherung zugestimmt oder es bestehen gesetzliche Aufbewahrungspflichten.<\/p><p><strong>10. Weitergabe von Daten an Dritte<\/strong><\/p><p>Die Weitergabe der Daten durch uns richtet sich nach unseren Ausf\u00fchrungen zur Datenweitergabe. Da es sich bei Google um ein transnationales Unternehmen handelt, k\u00f6nnen Ihre Daten von Google in die gesamte Welt \u00fcbertragen werden. Insbesondere k\u00f6nnen Sie in den USA zum Hauptsitz von Google \u00fcbertragen werden. Ein Land in dem die Gesetzgebung keinen angemessenen Schutz der Daten gew\u00e4hrleistet.<\/p><p><strong>11. Datensicherheit<\/strong><\/p><p>Wir setzen technische und organisatorische Sicherheitsma\u00dfnahmen ein, um Ihre personenbezogenen Daten vor unbefugtem Zugriff, Verlust oder Zerst\u00f6rung zu sch\u00fctzen. Unsere Sicherheitsmassnahmen werden regelm\u00e4\u00dfig \u00fcberpr\u00fcft und dem technologischen Fortschritt angepasst.<\/p><p><strong>12. Aufbewahrungsfristen<\/strong><\/p><p>Ihre personenbezogenen Daten werden nur so lange gespeichert, wie es f\u00fcr die Erf\u00fcllung der jeweiligen Zwecke erforderlich ist oder wie es gesetzliche Vorschriften vorsehen. Nach Ablauf des Zwecks oder Ablaufs der gesetzlichen Aufbewahrungsfristen werden die Daten gel\u00f6scht.<\/p><p><strong>13. Hosting<\/strong><\/p><p>Unsere Website wird von Metanet gehostet. Metanet speichert und verarbeitet personenbezogene Daten auf ihren Servern, um den technischen Betrieb und die Bereitstellung unserer Website sicherzustellen. Dies beinhaltet unter anderem die Speicherung von IP-Adressen und Server-Logdateien.<\/p><p>Die Verarbeitung der Daten erfolgt auf Grundlage unseres berechtigten Interesses an einer sicheren und effizienten Bereitstellung unserer Online-Dienste gem\u00e4\u00df Art. 6 Abs. 1 lit. f DSGVO.<\/p><p>Weitere Informationen zum Datenschutz bei Metanet finden Sie in der Datenschutzerkl\u00e4rung von Metanet.<\/p><p><strong>14. Ihre Rechte<\/strong><\/p><p><strong>A. Auskunftsrecht<\/strong><\/p><p>Sie k\u00f6nnen jederzeit Auskunft \u00fcber Ihre gespeicherten Daten verlangen. Bitte senden Sie Ihr Gesuch mit einem Identit\u00e4tsnachweis an c.ochsner(at)galerie-wos.com. Falls Ihre Daten automatisiert verarbeitet werden, k\u00f6nnen Sie diese in einem g\u00e4ngigen Format erhalten. Die Auskunft kann eingeschr\u00e4nkt werden, wenn gesetzliche oder berechtigte Interessen entgegenstehen. Die Bearbeitung erfolgt innerhalb von 30 Tagen, bei Verz\u00f6gerungen werden Sie informiert.<\/p><p><strong>B. L\u00f6schung und Berichtigung<\/strong><\/p><p>Sie k\u00f6nnen die L\u00f6schung oder Berichtigung Ihrer Daten verlangen. Dies kann abgelehnt werden, wenn gesetzliche Pflichten oder berechtigte Interessen dagegensprechen. Ihre Rechte k\u00f6nnten vertragliche Folgen haben, z.B. eine vorzeitige Vertragsaufl\u00f6sung.<\/p><p><strong>C. Rechtsweg<br \/><\/strong><br \/>Bei Datenschutzverletzungen k\u00f6nnen Sie Ihre Rechte gerichtlich durchsetzen oder eine Beschwerde beim ED\u00d6B (<a href=\"https:\/\/edoeb.admin.ch\" target=\"_blank\" rel=\"noopener\">edoeb.admin.ch<\/a>) einreichen.<\/p>\t\t\t\t\t\t\t\t<\/div>\n\t\t\t\t<\/div>\n\t\t\t\t\t<\/div>\n\t\t\t\t<\/div>\n\t\t\t\t<\/div>\n\t\t","protected":false},"excerpt":{"rendered":"<p>GELTUNGSBEREICH DATENSCHUTZERKL\u00c4RUNG 1. Was tun wir? Barr &amp; Ochsner GmbH (Freiestrasse 111, 8024 Z\u00fcrich) betreibt die Website www.barr-ochsner.com (nachfolgend \u201ewir\u201c genannt). Auf dieser Website k\u00f6nnen Sie sich \u00fcber unsere Organisation informieren, unsere Online-Dienste nutzen und mit uns in Kontakt treten. Der Schutz Ihrer pers\u00f6nlichen Daten ist uns besonders wichtig. In dieser Datenschutzerkl\u00e4rung informieren wir Sie [&hellip;]<\/p>\n","protected":false},"author":1,"featured_media":0,"parent":0,"menu_order":0,"comment_status":"closed","ping_status":"closed","template":"","meta":{"footnotes":""},"class_list":["post-29","page","type-page","status-publish","hentry"],"_links":{"self":[{"href":"https:\/\/barr-ochsner.com\/index.php\/wp-json\/wp\/v2\/pages\/29","targetHints":{"allow":["GET"]}}],"collection":[{"href":"https:\/\/barr-ochsner.com\/index.php\/wp-json\/wp\/v2\/pages"}],"about":[{"href":"https:\/\/barr-ochsner.com\/index.php\/wp-json\/wp\/v2\/types\/page"}],"author":[{"embeddable":true,"href":"https:\/\/barr-ochsner.com\/index.php\/wp-json\/wp\/v2\/users\/1"}],"replies":[{"embeddable":true,"href":"https:\/\/barr-ochsner.com\/index.php\/wp-json\/wp\/v2\/comments?post=29"}],"version-history":[{"count":10,"href":"https:\/\/barr-ochsner.com\/index.php\/wp-json\/wp\/v2\/pages\/29\/revisions"}],"predecessor-version":[{"id":159,"href":"https:\/\/barr-ochsner.com\/index.php\/wp-json\/wp\/v2\/pages\/29\/revisions\/159"}],"wp:attachment":[{"href":"https:\/\/barr-ochsner.com\/index.php\/wp-json\/wp\/v2\/media?parent=29"}],"curies":[{"name":"wp","href":"https:\/\/api.w.org\/{rel}","templated":true}]}}