{"id":36,"date":"2025-03-19T16:12:14","date_gmt":"2025-03-19T16:12:14","guid":{"rendered":"https:\/\/barr-ochsner.com\/?page_id=36"},"modified":"2025-05-08T12:36:43","modified_gmt":"2025-05-08T12:36:43","slug":"heim","status":"publish","type":"page","link":"https:\/\/barr-ochsner.com\/","title":{"rendered":"Heim"},"content":{"rendered":"\t\t<div data-elementor-type=\"wp-page\" data-elementor-id=\"36\" class=\"elementor elementor-36\" data-elementor-post-type=\"page\">\n\t\t\t\t<div class=\"elementor-element elementor-element-49a717e e-con-full e-flex e-con e-parent\" data-id=\"49a717e\" data-element_type=\"container\">\n\t\t<div class=\"elementor-element elementor-element-c8157ed e-flex e-con-boxed e-con e-child\" data-id=\"c8157ed\" data-element_type=\"container\" data-settings=\"{&quot;background_background&quot;:&quot;classic&quot;}\">\n\t\t\t\t\t<div class=\"e-con-inner\">\n\t\t\t\t<div class=\"elementor-element elementor-element-f7191a5 elementor-widget elementor-widget-heading\" data-id=\"f7191a5\" data-element_type=\"widget\" data-widget_type=\"heading.default\">\n\t\t\t\t<div class=\"elementor-widget-container\">\n\t\t\t\t\t<h2 class=\"elementor-heading-title elementor-size-default\">Gemeinsam in eine neue\nk\u00fcnstlerische Zukunft<\/h2>\t\t\t\t<\/div>\n\t\t\t\t<\/div>\n\t\t\t\t<div class=\"elementor-element elementor-element-811aa55 elementor-widget elementor-widget-text-editor\" data-id=\"811aa55\" data-element_type=\"widget\" data-widget_type=\"text-editor.default\">\n\t\t\t\t<div class=\"elementor-widget-container\">\n\t\t\t\t\t\t\t\t\t<p>Zusammen mit der Galerie Wahrenberger haben wir uns 2019 entschlossen, die Galerie WOS zu gr\u00fcnden und damit unsere Kr\u00e4fte zu b\u00fcndeln. 2020 er\u00f6ffneten wir die Galerie an der Kirchgasse 28, zwischen dem Grossm\u00fcnster und dem Kunsthaus Z\u00fcrich.<\/p><p>Unsere Schwerpunkte sind Europ\u00e4ische Malerei des 20. Jahrhunderts, Amerikanische Nachkriegskunst und Zeitgen\u00f6ssische Kunst.<\/p><p>Wir freuen uns, Sie in der Galerie begr\u00fcssen zu d\u00fcrfen.<\/p><p>Weitere Informationen finden Sie auf der Homepage.<\/p><p>Herzliche Gr\u00fcsse<br \/>Claudius Ochsner<\/p>\t\t\t\t\t\t\t\t<\/div>\n\t\t\t\t<\/div>\n\t\t<div class=\"elementor-element elementor-element-29a39a4 e-con-full e-flex e-con e-child\" data-id=\"29a39a4\" data-element_type=\"container\">\n\t\t\t\t<div class=\"elementor-element elementor-element-1bfd1f5 elementor-align-center elementor-widget elementor-widget-button\" data-id=\"1bfd1f5\" data-element_type=\"widget\" data-widget_type=\"button.default\">\n\t\t\t\t<div class=\"elementor-widget-container\">\n\t\t\t\t\t\t\t\t\t<div class=\"elementor-button-wrapper\">\n\t\t\t\t\t<a class=\"elementor-button elementor-button-link elementor-size-sm\" href=\"https:\/\/galerie-wos.com\/de\/\" target=\"_blank\">\n\t\t\t\t\t\t<span class=\"elementor-button-content-wrapper\">\n\t\t\t\t\t\t\t\t\t<span class=\"elementor-button-text\">Galerie WOS<\/span>\n\t\t\t\t\t<\/span>\n\t\t\t\t\t<\/a>\n\t\t\t\t<\/div>\n\t\t\t\t\t\t\t\t<\/div>\n\t\t\t\t<\/div>\n\t\t\t\t<div class=\"elementor-element elementor-element-e910101 elementor-view-default elementor-widget elementor-widget-icon\" data-id=\"e910101\" data-element_type=\"widget\" data-widget_type=\"icon.default\">\n\t\t\t\t<div class=\"elementor-widget-container\">\n\t\t\t\t\t\t\t<div class=\"elementor-icon-wrapper\">\n\t\t\t<a class=\"elementor-icon\" href=\"https:\/\/galerie-wos.com\/de\/\">\n\t\t\t<svg xmlns=\"http:\/\/www.w3.org\/2000\/svg\" viewBox=\"0 0 32 32\"><title><\/title><g data-name=\"Layer 2\" id=\"Layer_2\"><path d=\"M22,9a1,1,0,0,0,0,1.42l4.6,4.6H3.06a1,1,0,1,0,0,2H26.58L22,21.59A1,1,0,0,0,22,23a1,1,0,0,0,1.41,0l6.36-6.36a.88.88,0,0,0,0-1.27L23.42,9A1,1,0,0,0,22,9Z\"><\/path><\/g><\/svg>\t\t\t<\/a>\n\t\t<\/div>\n\t\t\t\t\t\t<\/div>\n\t\t\t\t<\/div>\n\t\t\t\t<\/div>\n\t\t\t\t\t<\/div>\n\t\t\t\t<\/div>\n\t\t<div class=\"elementor-element elementor-element-f837382 e-flex e-con-boxed e-con e-child\" data-id=\"f837382\" data-element_type=\"container\">\n\t\t\t\t\t<div class=\"e-con-inner\">\n\t\t\t\t<div class=\"elementor-element elementor-element-a71456d elementor-widget elementor-widget-image\" data-id=\"a71456d\" data-element_type=\"widget\" data-widget_type=\"image.default\">\n\t\t\t\t<div class=\"elementor-widget-container\">\n\t\t\t\t\t\t\t\t\t\t\t\t\t\t\t<img fetchpriority=\"high\" decoding=\"async\" width=\"800\" height=\"777\" src=\"https:\/\/barr-ochsner.com\/wp-content\/uploads\/2025\/03\/IMG_1218-1024x995.jpg\" class=\"attachment-large size-large wp-image-15\" alt=\"\" srcset=\"https:\/\/barr-ochsner.com\/wp-content\/uploads\/2025\/03\/IMG_1218-1024x995.jpg 1024w, https:\/\/barr-ochsner.com\/wp-content\/uploads\/2025\/03\/IMG_1218-300x291.jpg 300w, https:\/\/barr-ochsner.com\/wp-content\/uploads\/2025\/03\/IMG_1218-768x746.jpg 768w, https:\/\/barr-ochsner.com\/wp-content\/uploads\/2025\/03\/IMG_1218-1536x1492.jpg 1536w, https:\/\/barr-ochsner.com\/wp-content\/uploads\/2025\/03\/IMG_1218.jpg 1870w\" sizes=\"(max-width: 800px) 100vw, 800px\" \/>\t\t\t\t\t\t\t\t\t\t\t\t\t\t\t<\/div>\n\t\t\t\t<\/div>\n\t\t\t\t\t<\/div>\n\t\t\t\t<\/div>\n\t\t\t\t<\/div>\n\t\t\t\t<\/div>\n\t\t","protected":false},"excerpt":{"rendered":"<p>Gemeinsam in eine neue k\u00fcnstlerische Zukunft Zusammen mit der Galerie Wahrenberger haben wir uns 2019 entschlossen, die Galerie WOS zu gr\u00fcnden und damit unsere Kr\u00e4fte zu b\u00fcndeln. 2020 er\u00f6ffneten wir die Galerie an der Kirchgasse 28, zwischen dem Grossm\u00fcnster und dem Kunsthaus Z\u00fcrich. Unsere Schwerpunkte sind Europ\u00e4ische Malerei des 20. Jahrhunderts, Amerikanische Nachkriegskunst und Zeitgen\u00f6ssische [&hellip;]<\/p>\n","protected":false},"author":1,"featured_media":0,"parent":0,"menu_order":0,"comment_status":"closed","ping_status":"closed","template":"","meta":{"footnotes":""},"class_list":["post-36","page","type-page","status-publish","hentry"],"_links":{"self":[{"href":"https:\/\/barr-ochsner.com\/index.php\/wp-json\/wp\/v2\/pages\/36","targetHints":{"allow":["GET"]}}],"collection":[{"href":"https:\/\/barr-ochsner.com\/index.php\/wp-json\/wp\/v2\/pages"}],"about":[{"href":"https:\/\/barr-ochsner.com\/index.php\/wp-json\/wp\/v2\/types\/page"}],"author":[{"embeddable":true,"href":"https:\/\/barr-ochsner.com\/index.php\/wp-json\/wp\/v2\/users\/1"}],"replies":[{"embeddable":true,"href":"https:\/\/barr-ochsner.com\/index.php\/wp-json\/wp\/v2\/comments?post=36"}],"version-history":[{"count":44,"href":"https:\/\/barr-ochsner.com\/index.php\/wp-json\/wp\/v2\/pages\/36\/revisions"}],"predecessor-version":[{"id":199,"href":"https:\/\/barr-ochsner.com\/index.php\/wp-json\/wp\/v2\/pages\/36\/revisions\/199"}],"wp:attachment":[{"href":"https:\/\/barr-ochsner.com\/index.php\/wp-json\/wp\/v2\/media?parent=36"}],"curies":[{"name":"wp","href":"https:\/\/api.w.org\/{rel}","templated":true}]}}